{"id":51212,"date":"2020-12-13T12:36:33","date_gmt":"2020-12-13T11:36:33","guid":{"rendered":"https:\/\/learnnorsk.com\/?page_id=51212"},"modified":"2026-01-06T11:18:44","modified_gmt":"2026-01-06T10:18:44","slug":"a1-b2-online-classes","status":"publish","type":"page","link":"https:\/\/learnnorsk.com\/en_gb\/a1-b2-online-classes\/","title":{"rendered":"Online hjelp og privat l\u00e6rer! Forbered deg til norskpr\u00f8ven!"},"content":{"rendered":"<div data-elementor-type=\"wp-page\" data-elementor-id=\"51212\" class=\"elementor elementor-51212\">\n\t\t\t\t\t\t<section class=\"elementor-section elementor-top-section elementor-element elementor-element-3cc33e9a elementor-section-height-min-height elementor-section-boxed elementor-section-height-default elementor-section-items-middle\" data-id=\"3cc33e9a\" data-element_type=\"section\" data-e-type=\"section\" data-settings=\"{&quot;background_background&quot;:&quot;classic&quot;}\">\n\t\t\t\t\t\t\t<div class=\"elementor-background-overlay\"><\/div>\n\t\t\t\t\t\t\t<div class=\"elementor-container elementor-column-gap-no\">\n\t\t\t\t\t<div class=\"elementor-column elementor-col-100 elementor-top-column elementor-element elementor-element-77293dd6\" data-id=\"77293dd6\" data-element_type=\"column\" data-e-type=\"column\">\n\t\t\t<div class=\"elementor-widget-wrap elementor-element-populated\">\n\t\t\t\t\t\t<div class=\"elementor-element elementor-element-288cda27 elementor-widget elementor-widget-heading\" data-id=\"288cda27\" data-element_type=\"widget\" data-e-type=\"widget\" data-widget_type=\"heading.default\">\n\t\t\t\t<div class=\"elementor-widget-container\">\n\t\t\t\t\t<p class=\"elementor-heading-title elementor-size-default\">PRivat norskl\u00e6rer - Norskpr\u00f8ve kurs  <\/p>\t\t\t\t<\/div>\n\t\t\t\t<\/div>\n\t\t\t\t<div class=\"elementor-element elementor-element-18dd71a9 elementor-widget-divider--view-line elementor-widget elementor-widget-divider\" data-id=\"18dd71a9\" data-element_type=\"widget\" data-e-type=\"widget\" data-widget_type=\"divider.default\">\n\t\t\t\t<div class=\"elementor-widget-container\">\n\t\t\t\t\t\t\t<div class=\"elementor-divider\">\n\t\t\t<span class=\"elementor-divider-separator\">\n\t\t\t\t\t\t<\/span>\n\t\t<\/div>\n\t\t\t\t\t\t<\/div>\n\t\t\t\t<\/div>\n\t\t\t\t<div class=\"elementor-element elementor-element-771f29e9 elementor-widget elementor-widget-heading\" data-id=\"771f29e9\" data-element_type=\"widget\" data-e-type=\"widget\" data-widget_type=\"heading.default\">\n\t\t\t\t<div class=\"elementor-widget-container\">\n\t\t\t\t\t<p class=\"elementor-heading-title elementor-size-medium\">Vil du bli klar til norskpr\u00f8ven? <br>Online hjelp med privat l\u00e6rer! <\/p>\t\t\t\t<\/div>\n\t\t\t\t<\/div>\n\t\t\t\t\t<\/div>\n\t\t<\/div>\n\t\t\t\t\t<\/div>\n\t\t<\/section>\n\t\t\t\t<section class=\"elementor-section elementor-top-section elementor-element elementor-element-a9ccf6a elementor-section-boxed elementor-section-height-default elementor-section-height-default\" data-id=\"a9ccf6a\" data-element_type=\"section\" data-e-type=\"section\">\n\t\t\t\t\t\t<div class=\"elementor-container elementor-column-gap-default\">\n\t\t\t\t\t<div class=\"elementor-column elementor-col-100 elementor-top-column elementor-element elementor-element-701c6d7\" data-id=\"701c6d7\" data-element_type=\"column\" data-e-type=\"column\">\n\t\t\t<div class=\"elementor-widget-wrap elementor-element-populated\">\n\t\t\t\t\t\t<div class=\"elementor-element elementor-element-1b3a419 elementor-widget elementor-widget-heading\" data-id=\"1b3a419\" data-element_type=\"widget\" data-e-type=\"widget\" data-widget_type=\"heading.default\">\n\t\t\t\t<div class=\"elementor-widget-container\">\n\t\t\t\t\t<h2 class=\"elementor-heading-title elementor-size-default\">intensive kurs I Alle niv\u00e5 I <\/h2>\t\t\t\t<\/div>\n\t\t\t\t<\/div>\n\t\t\t\t\t<\/div>\n\t\t<\/div>\n\t\t\t\t\t<\/div>\n\t\t<\/section>\n\t\t\t\t<div class=\"elementor-section elementor-top-section elementor-element elementor-element-4be5d07 elementor-section-boxed elementor-section-height-default elementor-section-height-default\" data-id=\"4be5d07\" data-element_type=\"section\" data-e-type=\"section\" data-settings=\"{&quot;background_background&quot;:&quot;classic&quot;}\">\n\t\t\t\t\t\t\t<div class=\"elementor-background-overlay\"><\/div>\n\t\t\t\t\t\t\t<div class=\"elementor-container elementor-column-gap-wider\">\n\t\t\t\t\t<div class=\"elementor-column elementor-col-33 elementor-top-column elementor-element elementor-element-188b0f3 elementor-invisible\" data-id=\"188b0f3\" data-element_type=\"column\" data-e-type=\"column\" data-settings=\"{&quot;animation&quot;:&quot;rotateIn&quot;,&quot;animation_mobile&quot;:&quot;none&quot;,&quot;background_background&quot;:&quot;classic&quot;}\">\n\t\t\t<div class=\"elementor-widget-wrap elementor-element-populated\">\n\t\t\t\t\t\t<div class=\"elementor-element elementor-element-a456c5a elementor-widget elementor-widget-image\" data-id=\"a456c5a\" data-element_type=\"widget\" data-e-type=\"widget\" data-widget_type=\"image.default\">\n\t\t\t\t<div class=\"elementor-widget-container\">\n\t\t\t\t\t\t\t\t\t\t\t\t<figure class=\"wp-caption\">\n\t\t\t\t\t\t\t\t\t\t<img fetchpriority=\"high\" decoding=\"async\" width=\"1024\" height=\"684\" src=\"https:\/\/learnnorsk.com\/wp-content\/uploads\/2024\/11\/Skriftlig-A2-B1-januar-2025-1024x684.jpg\" class=\"attachment-large size-large wp-image-83137\" alt=\"\" srcset=\"https:\/\/learnnorsk.com\/wp-content\/uploads\/2024\/11\/Skriftlig-A2-B1-januar-2025-1024x684.jpg 1024w, https:\/\/learnnorsk.com\/wp-content\/uploads\/2024\/11\/Skriftlig-A2-B1-januar-2025-300x200.jpg 300w, https:\/\/learnnorsk.com\/wp-content\/uploads\/2024\/11\/Skriftlig-A2-B1-januar-2025-768x513.jpg 768w, https:\/\/learnnorsk.com\/wp-content\/uploads\/2024\/11\/Skriftlig-A2-B1-januar-2025.jpg 1279w\" sizes=\"(max-width: 1024px) 100vw, 1024px\" \/>\t\t\t\t\t\t\t\t\t\t\t<figcaption class=\"widget-image-caption wp-caption-text\">Lytte, lese, skriftlig og muntlig A1\/A2 niv\u00e5<\/figcaption>\n\t\t\t\t\t\t\t\t\t\t<\/figure>\n\t\t\t\t\t\t\t\t\t<\/div>\n\t\t\t\t<\/div>\n\t\t\t\t<div class=\"elementor-element elementor-element-dcb782c elementor-widget elementor-widget-text-editor\" data-id=\"dcb782c\" data-element_type=\"widget\" data-e-type=\"widget\" data-widget_type=\"text-editor.default\">\n\t\t\t\t<div class=\"elementor-widget-container\">\n\t\t\t\t\t\t\t\t\t<p>Vi tilbyr lekser p\u00e5 <strong>A1A2-niv\u00e5<\/strong>, tilpasset norskpr\u00f8ven.<br \/>Du jobber med <strong>eksamensoppgaver,<\/strong> grunnleggende <strong>grammatikk<\/strong> og korte <strong>lytte<\/strong> og\u00a0 <strong>skrive<\/strong>oppgaver.<br \/>Oppgavene hjelper deg \u00e5 \u00f8ve og forst\u00e5 oppgavene.<br \/>Dette er en <strong>god m\u00e5te \u00e5 bli tryggere f\u00f8r norskpr\u00f8ven.<\/strong><\/p>\t\t\t\t\t\t\t\t<\/div>\n\t\t\t\t<\/div>\n\t\t\t\t<div class=\"elementor-element elementor-element-65d3ec6 elementor-align-center elementor-mobile-align-center elementor-widget elementor-widget-button\" data-id=\"65d3ec6\" data-element_type=\"widget\" data-e-type=\"widget\" data-widget_type=\"button.default\">\n\t\t\t\t<div class=\"elementor-widget-container\">\n\t\t\t\t\t\t\t\t\t<div class=\"elementor-button-wrapper\">\n\t\t\t\t\t<a class=\"elementor-button elementor-button-link elementor-size-sm\" href=\"https:\/\/learnnorsk.com\/courses\/skriftlig-a2-b1\/\">\n\t\t\t\t\t\t<span class=\"elementor-button-content-wrapper\">\n\t\t\t\t\t\t<span class=\"elementor-button-icon\">\n\t\t\t\t<i aria-hidden=\"true\" class=\"far fa-arrow-alt-circle-right\"><\/i>\t\t\t<\/span>\n\t\t\t\t\t\t\t\t\t<span class=\"elementor-button-text\">Les mer<\/span>\n\t\t\t\t\t<\/span>\n\t\t\t\t\t<\/a>\n\t\t\t\t<\/div>\n\t\t\t\t\t\t\t\t<\/div>\n\t\t\t\t<\/div>\n\t\t\t\t\t<\/div>\n\t\t<\/div>\n\t\t\t\t<div class=\"elementor-column elementor-col-33 elementor-top-column elementor-element elementor-element-ef99e7a elementor-invisible\" data-id=\"ef99e7a\" data-element_type=\"column\" data-e-type=\"column\" data-settings=\"{&quot;animation&quot;:&quot;rotateIn&quot;,&quot;animation_mobile&quot;:&quot;none&quot;,&quot;background_background&quot;:&quot;classic&quot;}\">\n\t\t\t<div class=\"elementor-widget-wrap elementor-element-populated\">\n\t\t\t\t\t\t<div class=\"elementor-element elementor-element-23d1a3e elementor-widget elementor-widget-image\" data-id=\"23d1a3e\" data-element_type=\"widget\" data-e-type=\"widget\" data-widget_type=\"image.default\">\n\t\t\t\t<div class=\"elementor-widget-container\">\n\t\t\t\t\t\t\t\t\t\t\t\t<figure class=\"wp-caption\">\n\t\t\t\t\t\t\t\t\t\t<img fetchpriority=\"high\" decoding=\"async\" width=\"1024\" height=\"684\" src=\"https:\/\/learnnorsk.com\/wp-content\/uploads\/2024\/11\/Skriftlig-A2-B1-januar-2025-1024x684.jpg\" class=\"attachment-large size-large wp-image-83137\" alt=\"\" srcset=\"https:\/\/learnnorsk.com\/wp-content\/uploads\/2024\/11\/Skriftlig-A2-B1-januar-2025-1024x684.jpg 1024w, https:\/\/learnnorsk.com\/wp-content\/uploads\/2024\/11\/Skriftlig-A2-B1-januar-2025-300x200.jpg 300w, https:\/\/learnnorsk.com\/wp-content\/uploads\/2024\/11\/Skriftlig-A2-B1-januar-2025-768x513.jpg 768w, https:\/\/learnnorsk.com\/wp-content\/uploads\/2024\/11\/Skriftlig-A2-B1-januar-2025.jpg 1279w\" sizes=\"(max-width: 1024px) 100vw, 1024px\" \/>\t\t\t\t\t\t\t\t\t\t\t<figcaption class=\"widget-image-caption wp-caption-text\">Lytte, lese, skriftlig og muntlig A2\/B1 niv\u00e5<\/figcaption>\n\t\t\t\t\t\t\t\t\t\t<\/figure>\n\t\t\t\t\t\t\t\t\t<\/div>\n\t\t\t\t<\/div>\n\t\t\t\t<div class=\"elementor-element elementor-element-f18c567 elementor-widget elementor-widget-text-editor\" data-id=\"f18c567\" data-element_type=\"widget\" data-e-type=\"widget\" data-widget_type=\"text-editor.default\">\n\t\t\t\t<div class=\"elementor-widget-container\">\n\t\t\t\t\t\t\t\t\t<p>Kurset holdes p\u00e5 nett, s\u00e5 du kan bli med uansett hvor du bor! \ud83d\udda5\ufe0f<\/p><p>Vi bruker <strong>oppgaver fra tidligere pr\u00f8ver<\/strong>, slik at du blir <strong>godt kjent med hva som m\u00f8ter deg p\u00e5<\/strong> eksamen. Dette gir deg beste forutsetningene for \u00e5 lykkes!\u00a0<\/p><p>Det er kun 8 plasser tilgjengelig, s\u00e5 <strong>v\u00e6r rask<\/strong> og meld deg p\u00e5 i dag for \u00e5 <strong>sikre din plass!<\/strong>\u00a0<\/p>\t\t\t\t\t\t\t\t<\/div>\n\t\t\t\t<\/div>\n\t\t\t\t<div class=\"elementor-element elementor-element-00a8b7a elementor-align-center elementor-mobile-align-center elementor-widget elementor-widget-button\" data-id=\"00a8b7a\" data-element_type=\"widget\" data-e-type=\"widget\" data-widget_type=\"button.default\">\n\t\t\t\t<div class=\"elementor-widget-container\">\n\t\t\t\t\t\t\t\t\t<div class=\"elementor-button-wrapper\">\n\t\t\t\t\t<a class=\"elementor-button elementor-button-link elementor-size-sm\" href=\"https:\/\/learnnorsk.com\/courses\/skriftlig-a2-b1\/\">\n\t\t\t\t\t\t<span class=\"elementor-button-content-wrapper\">\n\t\t\t\t\t\t<span class=\"elementor-button-icon\">\n\t\t\t\t<i aria-hidden=\"true\" class=\"far fa-arrow-alt-circle-right\"><\/i>\t\t\t<\/span>\n\t\t\t\t\t\t\t\t\t<span class=\"elementor-button-text\">Les mer<\/span>\n\t\t\t\t\t<\/span>\n\t\t\t\t\t<\/a>\n\t\t\t\t<\/div>\n\t\t\t\t\t\t\t\t<\/div>\n\t\t\t\t<\/div>\n\t\t\t\t\t<\/div>\n\t\t<\/div>\n\t\t\t\t<div class=\"elementor-column elementor-col-33 elementor-top-column elementor-element elementor-element-350ccb3 elementor-invisible\" data-id=\"350ccb3\" data-element_type=\"column\" data-e-type=\"column\" data-settings=\"{&quot;animation&quot;:&quot;fadeInRight&quot;,&quot;animation_mobile&quot;:&quot;none&quot;,&quot;background_background&quot;:&quot;classic&quot;}\">\n\t\t\t<div class=\"elementor-widget-wrap elementor-element-populated\">\n\t\t\t\t\t\t<div class=\"elementor-element elementor-element-4932e61 elementor-widget elementor-widget-image\" data-id=\"4932e61\" data-element_type=\"widget\" data-e-type=\"widget\" data-widget_type=\"image.default\">\n\t\t\t\t<div class=\"elementor-widget-container\">\n\t\t\t\t\t\t\t\t\t\t\t\t<figure class=\"wp-caption\">\n\t\t\t\t\t\t\t\t\t\t<img decoding=\"async\" width=\"1024\" height=\"682\" src=\"https:\/\/learnnorsk.com\/wp-content\/uploads\/2024\/11\/Skriftlig-B1-B2-januar-2025-1024x682.jpg\" class=\"attachment-large size-large wp-image-83139\" alt=\"\" srcset=\"https:\/\/learnnorsk.com\/wp-content\/uploads\/2024\/11\/Skriftlig-B1-B2-januar-2025-1024x682.jpg 1024w, https:\/\/learnnorsk.com\/wp-content\/uploads\/2024\/11\/Skriftlig-B1-B2-januar-2025-300x200.jpg 300w, https:\/\/learnnorsk.com\/wp-content\/uploads\/2024\/11\/Skriftlig-B1-B2-januar-2025-768x512.jpg 768w, https:\/\/learnnorsk.com\/wp-content\/uploads\/2024\/11\/Skriftlig-B1-B2-januar-2025.jpg 1280w\" sizes=\"(max-width: 1024px) 100vw, 1024px\" \/>\t\t\t\t\t\t\t\t\t\t\t<figcaption class=\"widget-image-caption wp-caption-text\">B1\/B2 skriftlig<\/figcaption>\n\t\t\t\t\t\t\t\t\t\t<\/figure>\n\t\t\t\t\t\t\t\t\t<\/div>\n\t\t\t\t<\/div>\n\t\t\t\t<div class=\"elementor-element elementor-element-48d4d66 elementor-widget elementor-widget-text-editor\" data-id=\"48d4d66\" data-element_type=\"widget\" data-e-type=\"widget\" data-widget_type=\"text-editor.default\">\n\t\t\t\t<div class=\"elementor-widget-container\">\n\t\t\t\t\t\t\t\t\t<p>Du jobber med<strong> tidligere oppgaver,<\/strong>\u00a0slik at du vet hva du kan <strong>forvente p\u00e5\u00a0 norskpr\u00f8ven!<\/strong> Du skal l\u00e6re:<\/p><p>\u00e5 skrive\u00a0<strong>argumenterende tekster<\/strong>, s\u00f8knader og klager.<\/p><p>\u00e5 forbedre <strong>grammatikk, setningsstruktur<\/strong> og ordbruk.<\/p><p><strong>ulike strategier for \u00e5 oppn\u00e5 B2<\/strong> niv\u00e5 p\u00e5 norskpr\u00f8ven!<\/p>\t\t\t\t\t\t\t\t<\/div>\n\t\t\t\t<\/div>\n\t\t\t\t<div class=\"elementor-element elementor-element-e9433de elementor-align-center elementor-mobile-align-center elementor-widget elementor-widget-button\" data-id=\"e9433de\" data-element_type=\"widget\" data-e-type=\"widget\" data-widget_type=\"button.default\">\n\t\t\t\t<div class=\"elementor-widget-container\">\n\t\t\t\t\t\t\t\t\t<div class=\"elementor-button-wrapper\">\n\t\t\t\t\t<a class=\"elementor-button elementor-button-link elementor-size-sm\" href=\"https:\/\/learnnorsk.com\/courses\/skriftlig-b1-b2\/\">\n\t\t\t\t\t\t<span class=\"elementor-button-content-wrapper\">\n\t\t\t\t\t\t<span class=\"elementor-button-icon\">\n\t\t\t\t<i aria-hidden=\"true\" class=\"far fa-arrow-alt-circle-right\"><\/i>\t\t\t<\/span>\n\t\t\t\t\t\t\t\t\t<span class=\"elementor-button-text\">Les mer<\/span>\n\t\t\t\t\t<\/span>\n\t\t\t\t\t<\/a>\n\t\t\t\t<\/div>\n\t\t\t\t\t\t\t\t<\/div>\n\t\t\t\t<\/div>\n\t\t\t\t\t<\/div>\n\t\t<\/div>\n\t\t\t\t\t<\/div>\n\t\t<\/div>\n\t\t\t\t<div class=\"elementor-section elementor-top-section elementor-element elementor-element-6603909 elementor-section-boxed elementor-section-height-default elementor-section-height-default\" data-id=\"6603909\" data-element_type=\"section\" data-e-type=\"section\" data-settings=\"{&quot;background_background&quot;:&quot;classic&quot;}\">\n\t\t\t\t\t\t\t<div class=\"elementor-background-overlay\"><\/div>\n\t\t\t\t\t\t\t<div class=\"elementor-container elementor-column-gap-wider\">\n\t\t\t\t\t<div class=\"elementor-column elementor-col-100 elementor-top-column elementor-element elementor-element-7df49b0\" data-id=\"7df49b0\" data-element_type=\"column\" data-e-type=\"column\">\n\t\t\t<div class=\"elementor-widget-wrap\">\n\t\t\t\t\t\t\t<\/div>\n\t\t<\/div>\n\t\t\t\t\t<\/div>\n\t\t<\/div>\n\t\t\t\t<section class=\"elementor-section elementor-top-section elementor-element elementor-element-9670fdf elementor-section-boxed elementor-section-height-default elementor-section-height-default\" data-id=\"9670fdf\" data-element_type=\"section\" data-e-type=\"section\" data-settings=\"{&quot;background_background&quot;:&quot;classic&quot;}\">\n\t\t\t\t\t\t\t<div class=\"elementor-background-overlay\"><\/div>\n\t\t\t\t\t\t\t<div class=\"elementor-container elementor-column-gap-default\">\n\t\t\t\t\t<div class=\"elementor-column elementor-col-100 elementor-top-column elementor-element elementor-element-de18b51\" data-id=\"de18b51\" data-element_type=\"column\" data-e-type=\"column\">\n\t\t\t<div class=\"elementor-widget-wrap elementor-element-populated\">\n\t\t\t\t\t\t<div class=\"elementor-element elementor-element-328392f elementor-widget elementor-widget-spacer\" data-id=\"328392f\" data-element_type=\"widget\" data-e-type=\"widget\" data-widget_type=\"spacer.default\">\n\t\t\t\t<div class=\"elementor-widget-container\">\n\t\t\t\t\t\t\t<div class=\"elementor-spacer\">\n\t\t\t<div class=\"elementor-spacer-inner\"><\/div>\n\t\t<\/div>\n\t\t\t\t\t\t<\/div>\n\t\t\t\t<\/div>\n\t\t\t\t<section class=\"elementor-section elementor-inner-section elementor-element elementor-element-9ad752e elementor-section-boxed elementor-section-height-default elementor-section-height-default\" data-id=\"9ad752e\" data-element_type=\"section\" data-e-type=\"section\">\n\t\t\t\t\t\t<div class=\"elementor-container elementor-column-gap-default\">\n\t\t\t\t\t<div class=\"elementor-column elementor-col-100 elementor-inner-column elementor-element elementor-element-9758c67\" data-id=\"9758c67\" data-element_type=\"column\" data-e-type=\"column\">\n\t\t\t<div class=\"elementor-widget-wrap elementor-element-populated\">\n\t\t\t\t\t\t<div class=\"elementor-element elementor-element-d0ff47b animated-slow elementor-invisible elementor-widget elementor-widget-image-box\" data-id=\"d0ff47b\" data-element_type=\"widget\" data-e-type=\"widget\" data-settings=\"{&quot;_animation&quot;:&quot;fadeInDown&quot;}\" data-widget_type=\"image-box.default\">\n\t\t\t\t<div class=\"elementor-widget-container\">\n\t\t\t\t\t<div class=\"elementor-image-box-wrapper\"><div class=\"elementor-image-box-content\"><h2 class=\"elementor-image-box-title\">Join Our 5k+ Happy Customers\u200b Today!<\/h2><p class=\"elementor-image-box-description\">'<\/p><\/div><\/div>\t\t\t\t<\/div>\n\t\t\t\t<\/div>\n\t\t\t\t<div class=\"elementor-element elementor-element-9f90c5b elementor-align-center elementor-mobile-align-center elementor-widget elementor-widget-button\" data-id=\"9f90c5b\" data-element_type=\"widget\" data-e-type=\"widget\" data-widget_type=\"button.default\">\n\t\t\t\t<div class=\"elementor-widget-container\">\n\t\t\t\t\t\t\t\t\t<div class=\"elementor-button-wrapper\">\n\t\t\t\t\t<a class=\"elementor-button elementor-button-link elementor-size-sm\" href=\"https:\/\/learnnorsk.com\/en_gb\/contact\/\">\n\t\t\t\t\t\t<span class=\"elementor-button-content-wrapper\">\n\t\t\t\t\t\t\t\t\t<span class=\"elementor-button-text\">Ta kontakt med oss!<\/span>\n\t\t\t\t\t<\/span>\n\t\t\t\t\t<\/a>\n\t\t\t\t<\/div>\n\t\t\t\t\t\t\t\t<\/div>\n\t\t\t\t<\/div>\n\t\t\t\t\t<\/div>\n\t\t<\/div>\n\t\t\t\t\t<\/div>\n\t\t<\/section>\n\t\t\t\t\t<\/div>\n\t\t<\/div>\n\t\t\t\t\t<\/div>\n\t\t<\/section>\n\t\t\t\t<\/div>","protected":false},"excerpt":{"rendered":"<p>PRivat norskl\u00e6rer &#8211; Norskpr\u00f8ve kurs Vil du bli klar til norskpr\u00f8ven? Online hjelp med privat l\u00e6rer! intensive kurs I Alle niv\u00e5 I Lytte, lese, skriftlig og muntlig A1\/A2 niv\u00e5 Vi tilbyr lekser p\u00e5 A1A2-niv\u00e5, tilpasset norskpr\u00f8ven.Du jobber med eksamensoppgaver, grunnleggende grammatikk og korte lytte og\u00a0 skriveoppgaver.Oppgavene hjelper deg \u00e5 \u00f8ve og forst\u00e5 oppgavene.Dette er en [&hellip;]<\/p>\n","protected":false},"author":1,"featured_media":83141,"parent":0,"menu_order":0,"comment_status":"closed","ping_status":"closed","template":"","meta":{"site-sidebar-layout":"no-sidebar","site-content-layout":"page-builder","ast-site-content-layout":"full-width-container","site-content-style":"unboxed","site-sidebar-style":"unboxed","ast-global-header-display":"","ast-banner-title-visibility":"","ast-main-header-display":"","ast-hfb-above-header-display":"","ast-hfb-below-header-display":"","ast-hfb-mobile-header-display":"","site-post-title":"disabled","ast-breadcrumbs-content":"","ast-featured-img":"disabled","footer-sml-layout":"","ast-disable-related-posts":"","theme-transparent-header-meta":"enabled","adv-header-id-meta":"","stick-header-meta":"","header-above-stick-meta":"","header-main-stick-meta":"","header-below-stick-meta":"","astra-migrate-meta-layouts":"set","ast-page-background-enabled":"default","ast-page-background-meta":{"desktop":{"background-color":"","background-image":"","background-repeat":"repeat","background-position":"center center","background-size":"auto","background-attachment":"scroll","background-type":"","background-media":"","overlay-type":"","overlay-color":"","overlay-opacity":"","overlay-gradient":""},"tablet":{"background-color":"","background-image":"","background-repeat":"repeat","background-position":"center center","background-size":"auto","background-attachment":"scroll","background-type":"","background-media":"","overlay-type":"","overlay-color":"","overlay-opacity":"","overlay-gradient":""},"mobile":{"background-color":"","background-image":"","background-repeat":"repeat","background-position":"center center","background-size":"auto","background-attachment":"scroll","background-type":"","background-media":"","overlay-type":"","overlay-color":"","overlay-opacity":"","overlay-gradient":""}},"ast-content-background-meta":{"desktop":{"background-color":"var(--ast-global-color-5)","background-image":"","background-repeat":"repeat","background-position":"center center","background-size":"auto","background-attachment":"scroll","background-type":"","background-media":"","overlay-type":"","overlay-color":"","overlay-opacity":"","overlay-gradient":""},"tablet":{"background-color":"var(--ast-global-color-5)","background-image":"","background-repeat":"repeat","background-position":"center center","background-size":"auto","background-attachment":"scroll","background-type":"","background-media":"","overlay-type":"","overlay-color":"","overlay-opacity":"","overlay-gradient":""},"mobile":{"background-color":"var(--ast-global-color-5)","background-image":"","background-repeat":"repeat","background-position":"center center","background-size":"auto","background-attachment":"scroll","background-type":"","background-media":"","overlay-type":"","overlay-color":"","overlay-opacity":"","overlay-gradient":""}},"footnotes":""},"class_list":["post-51212","page","type-page","status-publish","has-post-thumbnail","hentry"],"aioseo_notices":[],"_links":{"self":[{"href":"https:\/\/learnnorsk.com\/en_gb\/wp-json\/wp\/v2\/pages\/51212","targetHints":{"allow":["GET"]}}],"collection":[{"href":"https:\/\/learnnorsk.com\/en_gb\/wp-json\/wp\/v2\/pages"}],"about":[{"href":"https:\/\/learnnorsk.com\/en_gb\/wp-json\/wp\/v2\/types\/page"}],"author":[{"embeddable":true,"href":"https:\/\/learnnorsk.com\/en_gb\/wp-json\/wp\/v2\/users\/1"}],"replies":[{"embeddable":true,"href":"https:\/\/learnnorsk.com\/en_gb\/wp-json\/wp\/v2\/comments?post=51212"}],"version-history":[{"count":0,"href":"https:\/\/learnnorsk.com\/en_gb\/wp-json\/wp\/v2\/pages\/51212\/revisions"}],"wp:featuredmedia":[{"embeddable":true,"href":"https:\/\/learnnorsk.com\/en_gb\/wp-json\/wp\/v2\/media\/83141"}],"wp:attachment":[{"href":"https:\/\/learnnorsk.com\/en_gb\/wp-json\/wp\/v2\/media?parent=51212"}],"curies":[{"name":"wp","href":"https:\/\/api.w.org\/{rel}","templated":true}]}}